{"id":85,"date":"2018-09-26T06:34:11","date_gmt":"2018-09-26T04:34:11","guid":{"rendered":"http:\/\/spprusce.pl\/?page_id=85"},"modified":"2018-11-12T21:51:23","modified_gmt":"2018-11-12T20:51:23","slug":"dyrektor-szkoly","status":"publish","type":"page","link":"https:\/\/spprusce.pl\/index.php\/dyrektor-szkoly\/","title":{"rendered":"Dyrektor Szko\u0142y"},"content":{"rendered":"<p>Dyrektorem szko\u0142y jest mgr Iwona Gruszka, kt\u00f3ra pe\u0142ni t\u0119 funkcj\u0119 od 1989 roku.<\/p>\n<p><img loading=\"lazy\" decoding=\"async\" class=\"aligncenter size-large wp-image-399\" src=\"http:\/\/spprusce.pl\/wp-content\/uploads\/2018\/11\/20181109_082349-1024x768.jpg\" alt=\"\" width=\"1024\" height=\"768\" srcset=\"https:\/\/spprusce.pl\/wp-content\/uploads\/2018\/11\/20181109_082349-1024x768.jpg 1024w, https:\/\/spprusce.pl\/wp-content\/uploads\/2018\/11\/20181109_082349-300x225.jpg 300w, https:\/\/spprusce.pl\/wp-content\/uploads\/2018\/11\/20181109_082349-768x576.jpg 768w, https:\/\/spprusce.pl\/wp-content\/uploads\/2018\/11\/20181109_082349-314x236.jpg 314w\" sizes=\"auto, (max-width: 1024px) 100vw, 1024px\" \/><\/p>\n","protected":false},"excerpt":{"rendered":"<p>Dyrektorem szko\u0142y jest mgr Iwona Gruszka, kt\u00f3ra pe\u0142ni t\u0119 funkcj\u0119 od 1989 roku.<\/p>\n","protected":false},"author":1,"featured_media":0,"parent":0,"menu_order":0,"comment_status":"closed","ping_status":"closed","template":"","meta":{"footnotes":""},"class_list":["post-85","page","type-page","status-publish","hentry"],"_links":{"self":[{"href":"https:\/\/spprusce.pl\/index.php\/wp-json\/wp\/v2\/pages\/85","targetHints":{"allow":["GET"]}}],"collection":[{"href":"https:\/\/spprusce.pl\/index.php\/wp-json\/wp\/v2\/pages"}],"about":[{"href":"https:\/\/spprusce.pl\/index.php\/wp-json\/wp\/v2\/types\/page"}],"author":[{"embeddable":true,"href":"https:\/\/spprusce.pl\/index.php\/wp-json\/wp\/v2\/users\/1"}],"replies":[{"embeddable":true,"href":"https:\/\/spprusce.pl\/index.php\/wp-json\/wp\/v2\/comments?post=85"}],"version-history":[{"count":0,"href":"https:\/\/spprusce.pl\/index.php\/wp-json\/wp\/v2\/pages\/85\/revisions"}],"wp:attachment":[{"href":"https:\/\/spprusce.pl\/index.php\/wp-json\/wp\/v2\/media?parent=85"}],"curies":[{"name":"wp","href":"https:\/\/api.w.org\/{rel}","templated":true}]}}