{"id":83,"date":"2018-09-26T06:30:31","date_gmt":"2018-09-26T04:30:31","guid":{"rendered":"http:\/\/spprusce.pl\/?page_id=83"},"modified":"2025-11-13T14:22:06","modified_gmt":"2025-11-13T13:22:06","slug":"grono-pedagogiczne","status":"publish","type":"page","link":"https:\/\/spprusce.pl\/index.php\/grono-pedagogiczne\/","title":{"rendered":"Grono Pedagogiczne"},"content":{"rendered":"<h4><strong>ROK SZKOLNY 2025\/2026<\/strong><\/h4>\n<p><strong>Nauczyciele:<\/strong><\/p>\n<p><strong>mgr Iwona\u00a0 Gruszka<\/strong> \u2013 <strong>dyrektor,<\/strong> nauczyciel edukacji wczesnoszkolnej<\/p>\n<p><strong>mgr Renata Lewandowska<\/strong> &#8211; nauczyciel edukacji wczesnoszkolnej, bibliotekarz<\/p>\n<p><strong>mgr Ma\u0142gorzata Lang<\/strong> \u2013 nauczyciel wychowania fizycznego<\/p>\n<p><strong>mgr Izabela Polega<\/strong> &#8211; nauczyciel edukacji przedszkolnej, logopeda<\/p>\n<p><strong>mgr Danuta Ko\u015bciukiewicz<\/strong> \u00a0&#8211; nauczyciel j\u0119zyka polskiego<\/p>\n<p><strong>mgr Ma\u0142gorzata Kr\u00f3lczyk<\/strong> \u2013 nauczyciel przyrody, geografii, katecheta, nauczyciel WD\u017b<\/p>\n<p><strong>mgr Marta Skomurska<\/strong> \u2013 nauczyciel matematyki, informatyki<\/p>\n<p><strong>mgr Wojciech Mierzwiak<\/strong> &#8211; nauczyciel plastyki<\/p>\n<p><strong>mgr Anita Bardzik<\/strong> \u2013 nauczyciel wsp\u00f3\u0142organizuj\u0105cy, pedagog, pedagog specjalny<\/p>\n<p><strong>mgr Kinga Drzazgowska<\/strong> \u2013 nauczyciel wsp\u00f3\u0142organizuj\u0105cy, edukacji wczesnoszkolnej<\/p>\n<p><strong>mgr Michalina K<\/strong><strong>\u00fc<\/strong><strong>hn<\/strong> \u2013 nauczyciel j\u0119zyka angielskiego<\/p>\n<p><strong>mgr Wioleta Szafran<\/strong> \u2013 nauczyciel historii<\/p>\n<p><strong>mgr Marlena Garstecka <\/strong>&#8211; nauczyciel j\u0119zyka niemieckiego<\/p>\n<p><strong>mgr Wies\u0142awa Banasz<\/strong>\u00a0\u2013 nauczyciel chemii<\/p>\n<p><strong>mgr Dariusz Zawiski\u00a0<\/strong> &#8211; nauczyciel fizyki<\/p>\n<p><strong>mgr Anna Mirek<\/strong> \u2013 nauczyciel muzyki<\/p>\n<p><strong>mgr Artur Pi\u0105tkowski <\/strong>\u2013 nauczyciel wychowania fizycznego<\/p>\n<p><strong>mgr Patrycja Pawlak &#8211;<\/strong> nauczyciel edukacji wczesnoszkolnej<\/p>\n<p><strong>mgr Katarzyna Drzazgowska<\/strong> \u2013 nauczyciel rehabilitant<\/p>\n<p><strong>mgr Renata Urban<\/strong> \u2013 nauczyciel pedagog specjalny<\/p>\n<p><strong>in\u017c. Katarzyna Marty\u0144ska<\/strong> &#8211; nauczyciel \u015bwietlicy, nauczyciel informatyki<\/p>\n<p><strong>mgr Marzena Drzewiecka<\/strong> &#8211; nauczyciel wsp\u00f3\u0142organizuj\u0105cy<\/p>\n<p><strong>mgr Nadia Sosnowska<\/strong>\u00a0&#8211; nauczyciel wsp\u00f3\u0142organizuj\u0105cy<\/p>\n<p><strong>mgr Aneta Matuszak<\/strong>&#8211; nauczyciel wsp\u00f3\u0142organizuj\u0105cy<\/p>\n<p><strong>mgr Izabela Hermann<\/strong>\u00a0&#8211; nauczyciel wsp\u00f3\u0142organizuj\u0105cy<\/p>\n<p><strong>mgr Przemys\u0142aw Bartol<\/strong> &#8211; psycholog<\/p>\n<p><strong>Marzena Rozmarynowicz &#8211; <\/strong>pomoc nauczyciela<\/p>\n<p><strong>Angelika Piaskowska &#8211; <\/strong> pomoc nauczyciela<\/p>\n<p><strong>Martyna Kraszewska<\/strong> &#8211; pomoc nauczyciela w przedszkolu<\/p>\n<p>&nbsp;<\/p>\n<p><strong>Pracownicy szko\u0142y:<\/strong><\/p>\n<p><strong>Aneta Kara\u015b<\/strong> &#8211; sekretarz szko\u0142y<\/p>\n<p><strong>Lidia Wajman<\/strong> &#8211; sprz\u0105taczka<\/p>\n<p><strong>Magdalena Fraso\u0144ska<\/strong> &#8211; wo\u017ana oddzia\u0142u przedszkolnego, sprz\u0105taczka<\/p>\n<p><img loading=\"lazy\" decoding=\"async\" class=\"alignnone  wp-image-4103\" src=\"https:\/\/spprusce.pl\/wp-content\/uploads\/2025\/11\/540839185_1257048426221800_3561578435854901450_n-300x227.jpg\" alt=\"\" width=\"823\" height=\"623\" srcset=\"https:\/\/spprusce.pl\/wp-content\/uploads\/2025\/11\/540839185_1257048426221800_3561578435854901450_n-300x227.jpg 300w, https:\/\/spprusce.pl\/wp-content\/uploads\/2025\/11\/540839185_1257048426221800_3561578435854901450_n-768x580.jpg 768w, https:\/\/spprusce.pl\/wp-content\/uploads\/2025\/11\/540839185_1257048426221800_3561578435854901450_n-314x237.jpg 314w, https:\/\/spprusce.pl\/wp-content\/uploads\/2025\/11\/540839185_1257048426221800_3561578435854901450_n.jpg 1209w\" sizes=\"auto, (max-width: 823px) 100vw, 823px\" \/><\/p>\n<p>&nbsp;<\/p>\n<p>Od lewej stoj\u0105: Marzena Rozmarynowicz, Marzena Drzewiecka, Anita Bardzik, Kinga Drzazgowska, Ma\u0142gorzata Kr\u00f3lczyk, Patrycja Pawlak, Przemys\u0142aw Bartol, Renata Lewandowska, Danuta Ko\u015bciukiewicz, Angelika Piaskowska, Katarzyna Marty\u0144ska.<\/p>\n<p>Od lewej siedz\u0105: Marta Skomurska,\u00a0\u00a0Izabela Hermann, Nadia Sosnowska, Izabela Polega, Iwona Gruszka, Ma\u0142gorzata Lang, Lidia Wajman, Aneta Kara\u015b, Michalina Kuhn, Magdalena Fraso\u0144ska, Martyna Kraszewska.<\/p>\n<p>&nbsp;<\/p>\n<p>&nbsp;<\/p>\n","protected":false},"excerpt":{"rendered":"<p>ROK SZKOLNY 2025\/2026 Nauczyciele: mgr Iwona\u00a0 Gruszka \u2013 dyrektor, nauczyciel edukacji wczesnoszkolnej mgr Renata Lewandowska &#8211; nauczyciel edukacji wczesnoszkolnej, bibliotekarz mgr Ma\u0142gorzata Lang \u2013 nauczyciel wychowania fizycznego mgr Izabela Polega &#8211; nauczyciel edukacji przedszkolnej, logopeda mgr Danuta Ko\u015bciukiewicz \u00a0&#8211; nauczyciel j\u0119zyka polskiego mgr Ma\u0142gorzata Kr\u00f3lczyk \u2013 nauczyciel przyrody, geografii, katecheta, &hellip;<\/p>\n","protected":false},"author":1,"featured_media":0,"parent":0,"menu_order":0,"comment_status":"closed","ping_status":"closed","template":"","meta":{"footnotes":""},"class_list":["post-83","page","type-page","status-publish","hentry"],"_links":{"self":[{"href":"https:\/\/spprusce.pl\/index.php\/wp-json\/wp\/v2\/pages\/83","targetHints":{"allow":["GET"]}}],"collection":[{"href":"https:\/\/spprusce.pl\/index.php\/wp-json\/wp\/v2\/pages"}],"about":[{"href":"https:\/\/spprusce.pl\/index.php\/wp-json\/wp\/v2\/types\/page"}],"author":[{"embeddable":true,"href":"https:\/\/spprusce.pl\/index.php\/wp-json\/wp\/v2\/users\/1"}],"replies":[{"embeddable":true,"href":"https:\/\/spprusce.pl\/index.php\/wp-json\/wp\/v2\/comments?post=83"}],"version-history":[{"count":18,"href":"https:\/\/spprusce.pl\/index.php\/wp-json\/wp\/v2\/pages\/83\/revisions"}],"predecessor-version":[{"id":4333,"href":"https:\/\/spprusce.pl\/index.php\/wp-json\/wp\/v2\/pages\/83\/revisions\/4333"}],"wp:attachment":[{"href":"https:\/\/spprusce.pl\/index.php\/wp-json\/wp\/v2\/media?parent=83"}],"curies":[{"name":"wp","href":"https:\/\/api.w.org\/{rel}","templated":true}]}}