{"id":717,"date":"2019-05-10T11:06:44","date_gmt":"2019-05-10T09:06:44","guid":{"rendered":"http:\/\/spprusce.pl\/?page_id=717"},"modified":"2025-05-11T09:28:47","modified_gmt":"2025-05-11T07:28:47","slug":"bip","status":"publish","type":"page","link":"https:\/\/spprusce.pl\/index.php\/bip\/","title":{"rendered":"BIP"},"content":{"rendered":"<p><a href=\"http:\/\/spprusce.pl\/wp-content\/uploads\/2019\/05\/2000px-POL_BIP_full.svg_.png\"><img loading=\"lazy\" decoding=\"async\" class=\"size-medium wp-image-715 aligncenter\" src=\"http:\/\/spprusce.pl\/wp-content\/uploads\/2019\/05\/2000px-POL_BIP_full.svg_-300x107.png\" alt=\"\" width=\"300\" height=\"107\" srcset=\"https:\/\/spprusce.pl\/wp-content\/uploads\/2019\/05\/2000px-POL_BIP_full.svg_-300x107.png 300w, https:\/\/spprusce.pl\/wp-content\/uploads\/2019\/05\/2000px-POL_BIP_full.svg_-768x273.png 768w, https:\/\/spprusce.pl\/wp-content\/uploads\/2019\/05\/2000px-POL_BIP_full.svg_-1024x364.png 1024w, https:\/\/spprusce.pl\/wp-content\/uploads\/2019\/05\/2000px-POL_BIP_full.svg_-314x112.png 314w, https:\/\/spprusce.pl\/wp-content\/uploads\/2019\/05\/2000px-POL_BIP_full.svg_.png 2000w\" sizes=\"auto, (max-width: 300px) 100vw, 300px\" \/><\/a><\/p>\n<h3 style=\"text-align: center;\">DANE ADRESOWE:<\/h3>\n<h3 style=\"text-align: center;\">Szko\u0142a Podstawowa im. Jana Paw\u0142a II w Pru\u015bcach<\/h3>\n<h3 style=\"text-align: center;\">Pru\u015bce 30<\/h3>\n<h3 style=\"text-align: center;\">64-610 Rogo\u017ano<\/h3>\n<h3 style=\"text-align: center;\">Tel\/fax 67 26 10097<\/h3>\n<h3 style=\"text-align: center;\">e-mail: <a href=\"mailto:spprusce@op.pl\">spprusce@op.pl<\/a><\/h3>\n<p>&nbsp;<\/p>\n<h3 style=\"text-align: center;\">Dyrektor szko\u0142y: mgr Iwona Gruszka<\/h3>\n<h3 style=\"text-align: center;\">NIP 766 &#8211; 17 &#8211; 74 &#8211; 156<\/h3>\n<h3 style=\"text-align: center;\">REGON 001130555<\/h3>\n<p>&nbsp;<\/p>\n<h4><a href=\"http:\/\/spprusce.pl\/bip\/sprawozdanie_2018.zip\"><strong>SPRAWOZDANIA FINANSOWE ZA ROK 2018<\/strong><\/a><\/h4>\n<h4><a href=\"https:\/\/spprusce.pl\/wp-content\/uploads\/2024\/05\/SPRAWOZDANIE-ZA-ROK-2023.zip\">SPRAWOZDANIE FINANSOWE ZA ROK 2023<\/a><\/h4>\n<h4><a href=\"https:\/\/spprusce.pl\/wp-content\/uploads\/2025\/05\/SPPR-RZiS-2024.zip\">SPPRAWOZDANIE FINANSOWE ZA ROK 2024<\/a><\/h4>\n<h4><a href=\"https:\/\/spprusce.pl\/wp-content\/uploads\/2025\/03\/SPPR-poprawione.pdf\">Raport GUS RzD<\/a><\/h4>\n<p>&nbsp;<\/p>\n<p>&nbsp;<\/p>\n","protected":false},"excerpt":{"rendered":"<p>DANE ADRESOWE: Szko\u0142a Podstawowa im. Jana Paw\u0142a II w Pru\u015bcach Pru\u015bce 30 64-610 Rogo\u017ano Tel\/fax 67 26 10097 e-mail: spprusce@op.pl &nbsp; Dyrektor szko\u0142y: mgr Iwona Gruszka NIP 766 &#8211; 17 &#8211; 74 &#8211; 156 REGON 001130555 &nbsp; SPRAWOZDANIA FINANSOWE ZA ROK 2018 SPRAWOZDANIE FINANSOWE ZA ROK 2023 SPPRAWOZDANIE FINANSOWE ZA &hellip;<\/p>\n","protected":false},"author":1,"featured_media":0,"parent":0,"menu_order":0,"comment_status":"closed","ping_status":"closed","template":"","meta":{"footnotes":""},"class_list":["post-717","page","type-page","status-publish","hentry"],"_links":{"self":[{"href":"https:\/\/spprusce.pl\/index.php\/wp-json\/wp\/v2\/pages\/717","targetHints":{"allow":["GET"]}}],"collection":[{"href":"https:\/\/spprusce.pl\/index.php\/wp-json\/wp\/v2\/pages"}],"about":[{"href":"https:\/\/spprusce.pl\/index.php\/wp-json\/wp\/v2\/types\/page"}],"author":[{"embeddable":true,"href":"https:\/\/spprusce.pl\/index.php\/wp-json\/wp\/v2\/users\/1"}],"replies":[{"embeddable":true,"href":"https:\/\/spprusce.pl\/index.php\/wp-json\/wp\/v2\/comments?post=717"}],"version-history":[{"count":9,"href":"https:\/\/spprusce.pl\/index.php\/wp-json\/wp\/v2\/pages\/717\/revisions"}],"predecessor-version":[{"id":3917,"href":"https:\/\/spprusce.pl\/index.php\/wp-json\/wp\/v2\/pages\/717\/revisions\/3917"}],"wp:attachment":[{"href":"https:\/\/spprusce.pl\/index.php\/wp-json\/wp\/v2\/media?parent=717"}],"curies":[{"name":"wp","href":"https:\/\/api.w.org\/{rel}","templated":true}]}}