{"id":4662,"date":"2026-02-18T12:08:58","date_gmt":"2026-02-18T11:08:58","guid":{"rendered":"https:\/\/spprusce.pl\/?page_id=4662"},"modified":"2026-02-18T12:18:45","modified_gmt":"2026-02-18T11:18:45","slug":"rekrutacja","status":"publish","type":"page","link":"https:\/\/spprusce.pl\/index.php\/rekrutacja\/","title":{"rendered":"Rekrutacja"},"content":{"rendered":"<p><a href=\"https:\/\/spprusce.pl\/wp-content\/uploads\/2026\/02\/Instrukcja_dla_rodzicow.pdf\">Instrukcja dla rodzic\u00f3w<\/a><\/p>\n<p><a href=\"https:\/\/spprusce.pl\/wp-content\/uploads\/2026\/02\/informacja-na-strone-programu-Microsoft-Word.docx\">Informacje o systemie elektronicznej rejestracji<\/a><\/p>\n<p><a href=\"https:\/\/spprusce.pl\/wp-content\/uploads\/2026\/02\/Zarzadenie-Elektroniczna-rekrutacja.pdf\">Zarz\u0105dzenie Burmistrza Rogo\u017ana w sprawie wyznaczenia koordynatora ds. wdro\u017cenia Elektronicznego Systemu Rekrutacji<\/a><\/p>\n<p><a href=\"https:\/\/spprusce.pl\/wp-content\/uploads\/2026\/02\/Zarzadzenie-terminy-rekrutacji.pdf\">Zarz\u0105dzenie Burmistrza w sprawie ustalenia termin\u00f3w post\u0119powania rekrutacyjnego<\/a><\/p>\n","protected":false},"excerpt":{"rendered":"<p>Instrukcja dla rodzic\u00f3w Informacje o systemie elektronicznej rejestracji Zarz\u0105dzenie Burmistrza Rogo\u017ana w sprawie wyznaczenia koordynatora ds. wdro\u017cenia Elektronicznego Systemu Rekrutacji Zarz\u0105dzenie Burmistrza w sprawie ustalenia termin\u00f3w post\u0119powania rekrutacyjnego<\/p>\n","protected":false},"author":5,"featured_media":0,"parent":0,"menu_order":0,"comment_status":"closed","ping_status":"closed","template":"","meta":{"footnotes":""},"class_list":["post-4662","page","type-page","status-publish","hentry"],"_links":{"self":[{"href":"https:\/\/spprusce.pl\/index.php\/wp-json\/wp\/v2\/pages\/4662","targetHints":{"allow":["GET"]}}],"collection":[{"href":"https:\/\/spprusce.pl\/index.php\/wp-json\/wp\/v2\/pages"}],"about":[{"href":"https:\/\/spprusce.pl\/index.php\/wp-json\/wp\/v2\/types\/page"}],"author":[{"embeddable":true,"href":"https:\/\/spprusce.pl\/index.php\/wp-json\/wp\/v2\/users\/5"}],"replies":[{"embeddable":true,"href":"https:\/\/spprusce.pl\/index.php\/wp-json\/wp\/v2\/comments?post=4662"}],"version-history":[{"count":4,"href":"https:\/\/spprusce.pl\/index.php\/wp-json\/wp\/v2\/pages\/4662\/revisions"}],"predecessor-version":[{"id":4671,"href":"https:\/\/spprusce.pl\/index.php\/wp-json\/wp\/v2\/pages\/4662\/revisions\/4671"}],"wp:attachment":[{"href":"https:\/\/spprusce.pl\/index.php\/wp-json\/wp\/v2\/media?parent=4662"}],"curies":[{"name":"wp","href":"https:\/\/api.w.org\/{rel}","templated":true}]}}